{"id":20,"date":"2024-01-31T15:46:16","date_gmt":"2024-01-31T15:46:16","guid":{"rendered":"https:\/\/intbrg.com\/web\/about\/"},"modified":"2024-04-17T21:23:51","modified_gmt":"2024-04-17T21:23:51","slug":"about","status":"publish","type":"page","link":"https:\/\/intbrg.com\/web\/about\/","title":{"rendered":"Quienes Somos"},"content":{"rendered":"\n\n\n\n\n<h1>Sobre Nosotros<\/h1>\n\n\n\n\n\n\n\n\n\n<h6><\/h6>\n\n\n\n<h2>\u00bfQuienes somos?<\/h2>\n\n\n\n\n\n<p><\/p>\n\n\n\n<p class=\"has-text-align-justify\">En BRG, somos un grupo de expertos Corredores de Reaseguro con 14 a\u00f1os de experiencia en el mercado de seguros y reaseguros en la regi\u00f3n centroamericana. Fundada hace una d\u00e9cada por experimentados ejecutivos de la industria, nuestra empresa se distingue por combinar energ\u00eda, entusiasmo, experiencia y creatividad.<\/p>\n\n\n\n\n\n<div class=\"wp-block-group\"><div class=\"wp-block-group__inner-container is-layout-constrained wp-block-group-is-layout-constrained\">\n\n\n<h2>\u00bfQue hacemos?<\/h2>\n\n\n\n\n\n<p [object=\"\" namednodemap]=\"\"><br><\/p>\n\n\n\n<p class=\"has-text-align-justify has-white-color has-text-color has-link-color has-medium-font-size wp-elements-8196ea2f648499b5112a663dff4a535a\">Brindamos asesor\u00eda en negociaciones de reaseguro, estructuraci\u00f3n de programas facultativos y contratos, y soporte integral a nuestros clientes. Colaboramos estrechamente con reaseguradores l\u00edderes para obtener t\u00e9rminos y coberturas que se adapten perfectamente a las necesidades de nuestros clientes.<\/p>\n\n\n\n\n\n\n\n\n\n<h2 style=\"text-transform: none;\">\u00bfC\u00f3mo lo Hacemos?<\/h2>\n\n\n\n\n\n<p [object=\"\" namednodemap]=\"\"><br><\/p>\n\n\n\n<p class=\"has-text-align-justify has-white-color has-text-color has-link-color has-medium-font-size wp-elements-5311a3f98d8c01e6c383ed772a2d068a\">Nuestro enfoque se basa en la excelencia en la asesor\u00eda, la innovaci\u00f3n constante, la transparencia y la \u00e9tica profesional. Con un equipo altamente capacitado y una habilidad excepcional para la negociaci\u00f3n, nos comprometemos a superar las expectativas de nuestros clientes en cada interacci\u00f3n.<\/p>\n\n\n\n\n\n\n\n\n\n<h2>Misi\u00f3n<\/h2>\n\n\n\n\n\n<p [object=\"\" namednodemap]=\"\"><br><\/p>\n\n\n\n<p class=\"has-text-align-justify has-white-color has-text-color has-link-color has-medium-font-size wp-elements-8ad529e332393ac3eed15773ea8fbd07\">Nuestra misi\u00f3n es ser el socio de confianza de nuestros clientes en el \u00e1mbito del reaseguro. Nos esforzamos por ofrecer productos y servicios de calidad, respaldados por un equipo de profesionales altamente calificados, con el objetivo de contribuir al \u00e9xito y crecimiento a largo plazo de nuestros clientes.<\/p>\n\n\n\n\n\n\n\n\n\n<h2>Visi\u00f3n<\/h2>\n\n\n\n\n\n<p [object=\"\" namednodemap]=\"\"><br><\/p>\n\n\n\n<p class=\"has-text-align-justify has-white-color has-text-color has-link-color has-medium-font-size wp-elements-cf8b9f4258956aecb289556ef4096451\">Nos esforzamos por convertirnos en el corredor de reaseguro l\u00edder en servicio y atenci\u00f3n en la regi\u00f3n centroamericana. Buscamos ser reconocidos por nuestra excelencia en la prestaci\u00f3n de servicios de calidad y solidez, estableciendo relaciones s\u00f3lidas y duraderas basadas en la confianza mutua y el \u00e9xito compartido<\/p>\n\n\n\n\n<\/div><\/div>\n","protected":false},"excerpt":{"rendered":"","protected":false},"author":2,"featured_media":0,"parent":0,"menu_order":0,"comment_status":"closed","ping_status":"closed","template":"","meta":{"_editorskit_title_hidden":false,"_editorskit_reading_time":0,"_editorskit_is_block_options_detached":false,"_editorskit_block_options_position":"{}","pagelayer_contact_templates":[],"_pagelayer_content":"","footnotes":""},"class_list":["post-20","page","type-page","status-publish","hentry"],"_links":{"self":[{"href":"https:\/\/intbrg.com\/web\/wp-json\/wp\/v2\/pages\/20","targetHints":{"allow":["GET"]}}],"collection":[{"href":"https:\/\/intbrg.com\/web\/wp-json\/wp\/v2\/pages"}],"about":[{"href":"https:\/\/intbrg.com\/web\/wp-json\/wp\/v2\/types\/page"}],"author":[{"embeddable":true,"href":"https:\/\/intbrg.com\/web\/wp-json\/wp\/v2\/users\/2"}],"replies":[{"embeddable":true,"href":"https:\/\/intbrg.com\/web\/wp-json\/wp\/v2\/comments?post=20"}],"version-history":[{"count":26,"href":"https:\/\/intbrg.com\/web\/wp-json\/wp\/v2\/pages\/20\/revisions"}],"predecessor-version":[{"id":256,"href":"https:\/\/intbrg.com\/web\/wp-json\/wp\/v2\/pages\/20\/revisions\/256"}],"wp:attachment":[{"href":"https:\/\/intbrg.com\/web\/wp-json\/wp\/v2\/media?parent=20"}],"curies":[{"name":"wp","href":"https:\/\/api.w.org\/{rel}","templated":true}]}}